{"id":2294,"date":"2023-01-23T00:04:34","date_gmt":"2023-01-23T00:04:34","guid":{"rendered":"https:\/\/sienaeducacion.com\/aulacorto\/?page_id=2294"},"modified":"2025-10-27T22:08:47","modified_gmt":"2025-10-27T22:08:47","slug":"que-es","status":"publish","type":"page","link":"https:\/\/sienaeducacion.com\/cineclub\/que-es\/","title":{"rendered":"Qu\u00e9 es"},"content":{"rendered":"<div class=\"fusion-fullwidth fullwidth-box fusion-builder-row-1 fusion-flex-container has-pattern-background has-mask-background nonhundred-percent-fullwidth non-hundred-percent-height-scrolling bloques-quees\" style=\"--awb-border-sizes-left:0px;--awb-border-sizes-right:0px;--awb-border-radius-top-left:0px;--awb-border-radius-top-right:0px;--awb-border-radius-bottom-right:0px;--awb-border-radius-bottom-left:0px;--awb-padding-bottom:100px;--awb-margin-top:0px;--awb-margin-bottom:-60px;--awb-margin-top-small:-30px;--awb-background-color:var(--awb-color1);--awb-flex-wrap:wrap;\" ><div class=\"fusion-builder-row fusion-row fusion-flex-align-items-stretch fusion-flex-justify-content-center fusion-flex-content-wrap\" style=\"max-width:calc( 1200px + 20px );margin-left: calc(-20px \/ 2 );margin-right: calc(-20px \/ 2 );\"><div class=\"fusion-layout-column fusion_builder_column fusion-builder-column-0 fusion_builder_column_1_1 1_1 fusion-flex-column\" style=\"--awb-padding-top:30px;--awb-padding-right:30px;--awb-padding-bottom:30px;--awb-padding-left:30px;--awb-padding-right-small:15px;--awb-overflow:hidden;--awb-bg-color:var(--awb-color8);--awb-bg-color-hover:var(--awb-color8);--awb-bg-size:cover;--awb-border-radius:20px 20px 20px 20px;--awb-width-large:100%;--awb-margin-top-large:0px;--awb-spacing-right-large:10px;--awb-margin-bottom-large:20px;--awb-spacing-left-large:10px;--awb-width-medium:100%;--awb-order-medium:0;--awb-spacing-right-medium:10px;--awb-spacing-left-medium:10px;--awb-width-small:100%;--awb-order-small:0;--awb-spacing-right-small:10px;--awb-spacing-left-small:10px;\" data-scroll-devices=\"small-visibility,medium-visibility,large-visibility\"><div class=\"fusion-column-wrapper fusion-column-has-shadow fusion-flex-justify-content-flex-start fusion-content-layout-column\"><div class=\"fusion-text fusion-text-1\" style=\"--awb-content-alignment:left;--awb-text-transform:none;--awb-text-color:var(--awb-color1);\"><h1><span style=\"color: #ffffff;\">Qu\u00e9 es Cineclub EDUCACINE<\/span><\/h1>\n<ul>\n<li>Cineclub EDUCACINE es una plataforma para la comunidad educativa con un amplio cat\u00e1logo de pel\u00edculas, gu\u00edas did\u00e1cticas y recursos educativos que impulsa visionados y coloquios con los alumnos con el objetivo potenciar la competencia audiovisual, el pensamiento cr\u00edtico y la educaci\u00f3n en valores.<\/li>\n<li>Educacine es una iniciativa para dar a conocer pel\u00edculas especialmente valiosas que se mueven en el \u00e1mbito de la educaci\u00f3n, y que por sus contenidos pueden constituirse en herramientas \u00fatiles y de calidad para la transmisi\u00f3n de conocimientos, en la escuela y en el hogar, de parte de profesores, padres y educadores, para sus alumnos, hijos y pupilos.<\/li>\n<\/ul>\n<\/div><div class=\"fusion-separator fusion-full-width-sep\" style=\"align-self: center;margin-left: auto;margin-right: auto;margin-top:25px;width:100%;\"><\/div><\/div><\/div><div class=\"fusion-layout-column fusion_builder_column fusion-builder-column-1 fusion_builder_column_1_3 1_3 fusion-flex-column\" style=\"--awb-padding-top:30px;--awb-padding-right:30px;--awb-padding-bottom:30px;--awb-padding-left:30px;--awb-padding-right-small:15px;--awb-overflow:hidden;--awb-bg-color:var(--awb-color4);--awb-bg-color-hover:var(--awb-color4);--awb-bg-size:cover;--awb-border-radius:20px 20px 20px 20px;--awb-width-large:33.333333333333%;--awb-margin-top-large:0px;--awb-spacing-right-large:10px;--awb-margin-bottom-large:20px;--awb-spacing-left-large:10px;--awb-width-medium:33.333333333333%;--awb-order-medium:0;--awb-spacing-right-medium:10px;--awb-spacing-left-medium:10px;--awb-width-small:100%;--awb-order-small:0;--awb-spacing-right-small:10px;--awb-spacing-left-small:10px;\" data-scroll-devices=\"small-visibility,medium-visibility,large-visibility\"><div class=\"fusion-column-wrapper fusion-column-has-shadow fusion-flex-justify-content-flex-start fusion-content-layout-column\"><div class=\"fusion-text fusion-text-2\" style=\"--awb-content-alignment:left;--awb-text-transform:none;\"><h3>Para qui\u00e9n<\/h3>\n<ul>\n<li>Centros de Primaria, ESO, Bachillerato y FP que buscan integrar el lenguaje audiovisual en el aula y en la vida de centro (tutor\u00eda, convivencia, planes lectores, proyectos competenciales).<\/li>\n<\/ul>\n<\/div><div class=\"fusion-separator fusion-full-width-sep\" style=\"align-self: center;margin-left: auto;margin-right: auto;margin-top:25px;width:100%;\"><\/div><\/div><\/div><div class=\"fusion-layout-column fusion_builder_column fusion-builder-column-2 fusion_builder_column_2_3 2_3 fusion-flex-column\" style=\"--awb-padding-top:30px;--awb-padding-right:30px;--awb-padding-bottom:30px;--awb-padding-left:30px;--awb-padding-right-small:15px;--awb-overflow:hidden;--awb-bg-color:var(--awb-color5);--awb-bg-color-hover:var(--awb-color5);--awb-bg-size:cover;--awb-border-radius:20px 20px 20px 20px;--awb-width-large:66.666666666667%;--awb-margin-top-large:0px;--awb-spacing-right-large:10px;--awb-margin-bottom-large:20px;--awb-spacing-left-large:10px;--awb-width-medium:66.666666666667%;--awb-order-medium:0;--awb-spacing-right-medium:10px;--awb-spacing-left-medium:10px;--awb-width-small:100%;--awb-order-small:0;--awb-spacing-right-small:10px;--awb-spacing-left-small:10px;\" data-scroll-devices=\"small-visibility,medium-visibility,large-visibility\"><div class=\"fusion-column-wrapper fusion-column-has-shadow fusion-flex-justify-content-flex-start fusion-content-layout-column\"><div class=\"fusion-text fusion-text-3\" style=\"--awb-content-alignment:left;--awb-text-transform:none;--awb-text-color:var(--awb-color1);\"><h3>Qu\u00e9 incluye<\/h3>\n<ul>\n<li>Selecci\u00f3n de t\u00edtulos (por edades y tem\u00e1ticas).<\/li>\n<li>Cada t\u00edtulo ofrece informaci\u00f3n t\u00e9cnica de la pel\u00edcula, el contexto y las claves espec\u00edficas antes del visionado (calificaci\u00f3n por edades, cursos, temas tratados, asignaturas apropiadas).<\/li>\n<li>Visionado compartido.<\/li>\n<li>Gu\u00edas did\u00e1cticas sobre las pel\u00edculas. Para descargar en formato PDF se ofrecen las claves educativas para orientar al profesor en el aula, tanto en los temas de fondo sugeridos como en el lenguaje propiamente cinematogr\u00e1fico. Se ofrece informaci\u00f3n de fondo, actividades y puntos a debatir en clase.<\/li>\n<li>El conjunto invita a mantener el esp\u00edritu creativo y participativo del alumno, alentando su capacidad cr\u00edtica y su adquisici\u00f3n de conocimientos.<\/li>\n<\/ul>\n<\/div><div class=\"fusion-separator fusion-full-width-sep\" style=\"align-self: center;margin-left: auto;margin-right: auto;margin-top:25px;width:100%;\"><\/div><\/div><\/div><div class=\"fusion-layout-column fusion_builder_column fusion-builder-column-3 fusion_builder_column_1_3 1_3 fusion-flex-column\" style=\"--awb-padding-top:30px;--awb-padding-right:30px;--awb-padding-bottom:30px;--awb-padding-left:30px;--awb-padding-right-small:15px;--awb-overflow:hidden;--awb-bg-color:var(--awb-color3);--awb-bg-color-hover:var(--awb-color3);--awb-bg-size:cover;--awb-border-radius:20px 20px 20px 20px;--awb-width-large:33.333333333333%;--awb-margin-top-large:0px;--awb-spacing-right-large:10px;--awb-margin-bottom-large:20px;--awb-spacing-left-large:10px;--awb-width-medium:33.333333333333%;--awb-order-medium:0;--awb-spacing-right-medium:10px;--awb-spacing-left-medium:10px;--awb-width-small:100%;--awb-order-small:0;--awb-spacing-right-small:10px;--awb-spacing-left-small:10px;\" data-scroll-devices=\"small-visibility,medium-visibility,large-visibility\"><div class=\"fusion-column-wrapper fusion-column-has-shadow fusion-flex-justify-content-flex-start fusion-content-layout-column\"><div class=\"fusion-text fusion-text-4\" style=\"--awb-content-alignment:left;--awb-text-transform:none;\"><h3>Qu\u00e9 aporta<\/h3>\n<ul>\n<li>Lectura audiovisual y competencia lectora: interpretar im\u00e1genes, relatos y discursos.<\/li>\n<li>Lenguaje cinematogr\u00e1fico: Transici\u00f3n de la idea a la pantalla<\/li>\n<li>Pensamiento cr\u00edtico y comunicaci\u00f3n: comprender, argumentar, escuchar y debatir con respeto.<\/li>\n<li>Convivencia y valores: empat\u00eda, ciudadan\u00eda y trabajo cooperativo.<\/li>\n<li>Vinculaci\u00f3n curricular: actividades transferibles a Lengua, Sociales, Valores, Artes y Tutor\u00eda.<\/li>\n<\/ul>\n<\/div><div class=\"fusion-separator fusion-full-width-sep\" style=\"align-self: center;margin-left: auto;margin-right: auto;margin-top:25px;width:100%;\"><\/div><\/div><\/div><div class=\"fusion-layout-column fusion_builder_column fusion-builder-column-4 fusion_builder_column_1_3 1_3 fusion-flex-column\" style=\"--awb-padding-top:30px;--awb-padding-right:30px;--awb-padding-bottom:30px;--awb-padding-left:30px;--awb-padding-right-small:15px;--awb-overflow:hidden;--awb-bg-color:var(--awb-color6);--awb-bg-color-hover:var(--awb-color6);--awb-bg-size:cover;--awb-border-radius:20px 20px 20px 20px;--awb-width-large:33.333333333333%;--awb-margin-top-large:0px;--awb-spacing-right-large:10px;--awb-margin-bottom-large:20px;--awb-spacing-left-large:10px;--awb-width-medium:33.333333333333%;--awb-order-medium:0;--awb-spacing-right-medium:10px;--awb-spacing-left-medium:10px;--awb-width-small:100%;--awb-order-small:0;--awb-spacing-right-small:10px;--awb-spacing-left-small:10px;\" data-scroll-devices=\"small-visibility,medium-visibility,large-visibility\"><div class=\"fusion-column-wrapper fusion-column-has-shadow fusion-flex-justify-content-flex-start fusion-content-layout-column\"><div class=\"fusion-text fusion-text-5\" style=\"--awb-content-alignment:left;--awb-text-transform:none;--awb-text-color:var(--awb-color1);\"><h3><span style=\"color: #ffffff;\">Metodolog\u00eda<\/span><\/h3>\n<ul>\n<li>Enfoque activo y cooperativo: el alumnado lee el lenguaje cinematogr\u00e1fico, participa en el debate, aprende y puede transformar su experiencia en textos, actividades, podcasts, piezas audiovisuales, etc. Este modelo de cineclub escolar \u2014liderado por docentes y con protagonismo estudiantil\u2014 est\u00e1 ampliamente documentado como pr\u00e1ctica pedag\u00f3gica que fomenta la participaci\u00f3n, el pensamiento cr\u00edtico y la formaci\u00f3n.<\/li>\n<\/ul>\n<\/div><div class=\"fusion-separator fusion-full-width-sep\" style=\"align-self: center;margin-left: auto;margin-right: auto;margin-top:25px;width:100%;\"><\/div><\/div><\/div><div class=\"fusion-layout-column fusion_builder_column fusion-builder-column-5 fusion_builder_column_1_3 1_3 fusion-flex-column\" style=\"--awb-padding-top:30px;--awb-padding-right:30px;--awb-padding-bottom:30px;--awb-padding-left:30px;--awb-padding-right-small:15px;--awb-overflow:hidden;--awb-bg-color:var(--awb-color8);--awb-bg-color-hover:var(--awb-color8);--awb-bg-size:cover;--awb-border-radius:20px 20px 20px 20px;--awb-width-large:33.333333333333%;--awb-margin-top-large:0px;--awb-spacing-right-large:10px;--awb-margin-bottom-large:20px;--awb-spacing-left-large:10px;--awb-width-medium:33.333333333333%;--awb-order-medium:0;--awb-spacing-right-medium:10px;--awb-spacing-left-medium:10px;--awb-width-small:100%;--awb-order-small:0;--awb-spacing-right-small:10px;--awb-spacing-left-small:10px;\" data-scroll-devices=\"small-visibility,medium-visibility,large-visibility\"><div class=\"fusion-column-wrapper fusion-column-has-shadow fusion-flex-justify-content-flex-start fusion-content-layout-column\"><div class=\"fusion-text fusion-text-6\" style=\"--awb-content-alignment:left;--awb-text-transform:none;--awb-text-color:var(--awb-color1);\"><h3><span style=\"color: #ffffff;\">Resultados esperados<\/span><\/h3>\n<ul>\n<li>Mejora en comprensi\u00f3n y expresi\u00f3n (oral y escrita).<\/li>\n<li>Mayor motivaci\u00f3n y disfrute por aprender.<\/li>\n<li>Clima de aula m\u00e1s colaborativo y reflexivo.<\/li>\n<\/ul>\n<\/div><div class=\"fusion-separator fusion-full-width-sep\" style=\"align-self: center;margin-left: auto;margin-right: auto;margin-top:25px;width:100%;\"><\/div><\/div><\/div><\/div><\/div>\n","protected":false},"excerpt":{"rendered":"","protected":false},"author":1,"featured_media":0,"parent":0,"menu_order":0,"comment_status":"closed","ping_status":"closed","template":"100-width.php","meta":{"_acf_changed":false,"footnotes":""},"class_list":["post-2294","page","type-page","status-publish","hentry"],"acf":[],"yoast_head":"<!-- This site is optimized with the Yoast SEO plugin v27.5 - https:\/\/yoast.com\/product\/yoast-seo-wordpress\/ -->\n<title>Qu\u00e9 es - CineClub - Educacine<\/title>\n<meta name=\"robots\" content=\"index, follow, max-snippet:-1, max-image-preview:large, max-video-preview:-1\" \/>\n<link rel=\"canonical\" href=\"https:\/\/sienaeducacion.com\/cineclub\/que-es\/\" \/>\n<meta property=\"og:locale\" content=\"es_ES\" \/>\n<meta property=\"og:type\" content=\"article\" \/>\n<meta property=\"og:title\" content=\"Qu\u00e9 es - CineClub - Educacine\" \/>\n<meta property=\"og:url\" content=\"https:\/\/sienaeducacion.com\/cineclub\/que-es\/\" \/>\n<meta property=\"og:site_name\" content=\"CineClub - Educacine\" \/>\n<meta property=\"article:modified_time\" content=\"2025-10-27T22:08:47+00:00\" \/>\n<meta name=\"twitter:card\" content=\"summary_large_image\" \/>\n<meta name=\"twitter:label1\" content=\"Tiempo de lectura\" \/>\n\t<meta name=\"twitter:data1\" content=\"2 minutos\" \/>\n<script type=\"application\/ld+json\" class=\"yoast-schema-graph\">{\"@context\":\"https:\\\/\\\/schema.org\",\"@graph\":[{\"@type\":\"WebPage\",\"@id\":\"https:\\\/\\\/sienaeducacion.com\\\/cineclub\\\/que-es\\\/\",\"url\":\"https:\\\/\\\/sienaeducacion.com\\\/cineclub\\\/que-es\\\/\",\"name\":\"Qu\u00e9 es - CineClub - Educacine\",\"isPartOf\":{\"@id\":\"https:\\\/\\\/sienaeducacion.com\\\/cineclub\\\/#website\"},\"datePublished\":\"2023-01-23T00:04:34+00:00\",\"dateModified\":\"2025-10-27T22:08:47+00:00\",\"breadcrumb\":{\"@id\":\"https:\\\/\\\/sienaeducacion.com\\\/cineclub\\\/que-es\\\/#breadcrumb\"},\"inLanguage\":\"es\",\"potentialAction\":[{\"@type\":\"ReadAction\",\"target\":[\"https:\\\/\\\/sienaeducacion.com\\\/cineclub\\\/que-es\\\/\"]}]},{\"@type\":\"BreadcrumbList\",\"@id\":\"https:\\\/\\\/sienaeducacion.com\\\/cineclub\\\/que-es\\\/#breadcrumb\",\"itemListElement\":[{\"@type\":\"ListItem\",\"position\":1,\"name\":\"Portada\",\"item\":\"https:\\\/\\\/sienaeducacion.com\\\/cineclub\\\/\"},{\"@type\":\"ListItem\",\"position\":2,\"name\":\"Qu\u00e9 es\"}]},{\"@type\":\"WebSite\",\"@id\":\"https:\\\/\\\/sienaeducacion.com\\\/cineclub\\\/#website\",\"url\":\"https:\\\/\\\/sienaeducacion.com\\\/cineclub\\\/\",\"name\":\"CineClub - Educacine\",\"description\":\"El portal de cine para colegios e institutos\",\"publisher\":{\"@id\":\"https:\\\/\\\/sienaeducacion.com\\\/cineclub\\\/#organization\"},\"potentialAction\":[{\"@type\":\"SearchAction\",\"target\":{\"@type\":\"EntryPoint\",\"urlTemplate\":\"https:\\\/\\\/sienaeducacion.com\\\/cineclub\\\/?s={search_term_string}\"},\"query-input\":{\"@type\":\"PropertyValueSpecification\",\"valueRequired\":true,\"valueName\":\"search_term_string\"}}],\"inLanguage\":\"es\"},{\"@type\":\"Organization\",\"@id\":\"https:\\\/\\\/sienaeducacion.com\\\/cineclub\\\/#organization\",\"name\":\"CineClub - Educacine\",\"url\":\"https:\\\/\\\/sienaeducacion.com\\\/cineclub\\\/\",\"logo\":{\"@type\":\"ImageObject\",\"inLanguage\":\"es\",\"@id\":\"https:\\\/\\\/sienaeducacion.com\\\/cineclub\\\/#\\\/schema\\\/logo\\\/image\\\/\",\"url\":\"https:\\\/\\\/sienaeducacion.com\\\/cineclub\\\/wp-content\\\/uploads\\\/2022\\\/03\\\/logo-aulacorto-footer.png\",\"contentUrl\":\"https:\\\/\\\/sienaeducacion.com\\\/cineclub\\\/wp-content\\\/uploads\\\/2022\\\/03\\\/logo-aulacorto-footer.png\",\"width\":234,\"height\":100,\"caption\":\"CineClub - Educacine\"},\"image\":{\"@id\":\"https:\\\/\\\/sienaeducacion.com\\\/cineclub\\\/#\\\/schema\\\/logo\\\/image\\\/\"}}]}<\/script>\n<!-- \/ Yoast SEO plugin. -->","yoast_head_json":{"title":"Qu\u00e9 es - CineClub - Educacine","robots":{"index":"index","follow":"follow","max-snippet":"max-snippet:-1","max-image-preview":"max-image-preview:large","max-video-preview":"max-video-preview:-1"},"canonical":"https:\/\/sienaeducacion.com\/cineclub\/que-es\/","og_locale":"es_ES","og_type":"article","og_title":"Qu\u00e9 es - CineClub - Educacine","og_url":"https:\/\/sienaeducacion.com\/cineclub\/que-es\/","og_site_name":"CineClub - Educacine","article_modified_time":"2025-10-27T22:08:47+00:00","twitter_card":"summary_large_image","twitter_misc":{"Tiempo de lectura":"2 minutos"},"schema":{"@context":"https:\/\/schema.org","@graph":[{"@type":"WebPage","@id":"https:\/\/sienaeducacion.com\/cineclub\/que-es\/","url":"https:\/\/sienaeducacion.com\/cineclub\/que-es\/","name":"Qu\u00e9 es - CineClub - Educacine","isPartOf":{"@id":"https:\/\/sienaeducacion.com\/cineclub\/#website"},"datePublished":"2023-01-23T00:04:34+00:00","dateModified":"2025-10-27T22:08:47+00:00","breadcrumb":{"@id":"https:\/\/sienaeducacion.com\/cineclub\/que-es\/#breadcrumb"},"inLanguage":"es","potentialAction":[{"@type":"ReadAction","target":["https:\/\/sienaeducacion.com\/cineclub\/que-es\/"]}]},{"@type":"BreadcrumbList","@id":"https:\/\/sienaeducacion.com\/cineclub\/que-es\/#breadcrumb","itemListElement":[{"@type":"ListItem","position":1,"name":"Portada","item":"https:\/\/sienaeducacion.com\/cineclub\/"},{"@type":"ListItem","position":2,"name":"Qu\u00e9 es"}]},{"@type":"WebSite","@id":"https:\/\/sienaeducacion.com\/cineclub\/#website","url":"https:\/\/sienaeducacion.com\/cineclub\/","name":"CineClub - Educacine","description":"El portal de cine para colegios e institutos","publisher":{"@id":"https:\/\/sienaeducacion.com\/cineclub\/#organization"},"potentialAction":[{"@type":"SearchAction","target":{"@type":"EntryPoint","urlTemplate":"https:\/\/sienaeducacion.com\/cineclub\/?s={search_term_string}"},"query-input":{"@type":"PropertyValueSpecification","valueRequired":true,"valueName":"search_term_string"}}],"inLanguage":"es"},{"@type":"Organization","@id":"https:\/\/sienaeducacion.com\/cineclub\/#organization","name":"CineClub - Educacine","url":"https:\/\/sienaeducacion.com\/cineclub\/","logo":{"@type":"ImageObject","inLanguage":"es","@id":"https:\/\/sienaeducacion.com\/cineclub\/#\/schema\/logo\/image\/","url":"https:\/\/sienaeducacion.com\/cineclub\/wp-content\/uploads\/2022\/03\/logo-aulacorto-footer.png","contentUrl":"https:\/\/sienaeducacion.com\/cineclub\/wp-content\/uploads\/2022\/03\/logo-aulacorto-footer.png","width":234,"height":100,"caption":"CineClub - Educacine"},"image":{"@id":"https:\/\/sienaeducacion.com\/cineclub\/#\/schema\/logo\/image\/"}}]}},"_links":{"self":[{"href":"https:\/\/sienaeducacion.com\/cineclub\/wp-json\/wp\/v2\/pages\/2294","targetHints":{"allow":["GET"]}}],"collection":[{"href":"https:\/\/sienaeducacion.com\/cineclub\/wp-json\/wp\/v2\/pages"}],"about":[{"href":"https:\/\/sienaeducacion.com\/cineclub\/wp-json\/wp\/v2\/types\/page"}],"author":[{"embeddable":true,"href":"https:\/\/sienaeducacion.com\/cineclub\/wp-json\/wp\/v2\/users\/1"}],"replies":[{"embeddable":true,"href":"https:\/\/sienaeducacion.com\/cineclub\/wp-json\/wp\/v2\/comments?post=2294"}],"version-history":[{"count":61,"href":"https:\/\/sienaeducacion.com\/cineclub\/wp-json\/wp\/v2\/pages\/2294\/revisions"}],"predecessor-version":[{"id":5411,"href":"https:\/\/sienaeducacion.com\/cineclub\/wp-json\/wp\/v2\/pages\/2294\/revisions\/5411"}],"wp:attachment":[{"href":"https:\/\/sienaeducacion.com\/cineclub\/wp-json\/wp\/v2\/media?parent=2294"}],"curies":[{"name":"wp","href":"https:\/\/api.w.org\/{rel}","templated":true}]}}